{"id":626,"date":"2022-09-06T14:18:07","date_gmt":"2022-09-06T14:18:07","guid":{"rendered":"https:\/\/www.interactivemediainstitute.com\/cypsy26\/?page_id=626"},"modified":"2023-07-03T12:31:34","modified_gmt":"2023-07-03T12:31:34","slug":"chairs-organizers","status":"publish","type":"page","link":"https:\/\/www.interactivemediainstitute.com\/cypsy26\/chairs-organizers\/","title":{"rendered":"Chairs &#038; Organizers"},"content":{"rendered":"\n<p><\/p>\n\n\n<h2><strong>Conference Chairs and<\/strong> <strong>Organizers<\/strong><\/h2>\n<h3><img loading=\"lazy\" decoding=\"async\" class=\"alignnone  wp-image-883\" src=\"https:\/\/www.interactivemediainstitute.com\/cypsy26\/wp-content\/uploads\/2022\/09\/Brenda.png\" alt=\"\" width=\"178\" height=\"240\"><\/h3>\n<h4><strong><em>Professor Dr. Brenda K. Wiederhold, Ph.D., MBA, BCB, BCN<\/em>&nbsp;<\/strong><\/h4>\n<p><strong>Conference Co-Chair &amp; Organizer<\/strong><\/p>\n<p>Interactive Media Institute<\/p>\n<p>Virtual Reality Medical Center<\/p>\n<p>San Diego, CA, USA<\/p>\n<p><\/p>\n<p><img loading=\"lazy\" decoding=\"async\" class=\"alignnone  wp-image-884\" src=\"https:\/\/www.interactivemediainstitute.com\/cypsy26\/wp-content\/uploads\/2022\/09\/Lise-Haddouk-300x256.png\" alt=\"\" width=\"270\" height=\"230\" srcset=\"https:\/\/www.interactivemediainstitute.com\/cypsy26\/wp-content\/uploads\/2022\/09\/Lise-Haddouk-300x256.png 300w, https:\/\/www.interactivemediainstitute.com\/cypsy26\/wp-content\/uploads\/2022\/09\/Lise-Haddouk.png 702w\" sizes=\"auto, (max-width: 270px) 100vw, 270px\" \/><\/p>\n<h4><strong><em>Dr Lise Haddouk, PhD<\/em><\/strong><\/h4>\n<p><strong>Conference Co-Chair &amp; Organizer<\/strong><\/p>\n<p>Associate Professor of Psychology<\/p>\n<p>University Paris Cit\u00e9<\/p>\n<p>Paris, France<\/p>\n<p><img loading=\"lazy\" decoding=\"async\" class=\"alignnone  wp-image-919\" src=\"https:\/\/www.interactivemediainstitute.com\/cypsy26\/wp-content\/uploads\/2022\/09\/Stephane-Bouchard-300x238.png\" alt=\"\" width=\"263\" height=\"209\" srcset=\"https:\/\/www.interactivemediainstitute.com\/cypsy26\/wp-content\/uploads\/2022\/09\/Stephane-Bouchard-300x238.png 300w, https:\/\/www.interactivemediainstitute.com\/cypsy26\/wp-content\/uploads\/2022\/09\/Stephane-Bouchard-1024x812.png 1024w, https:\/\/www.interactivemediainstitute.com\/cypsy26\/wp-content\/uploads\/2022\/09\/Stephane-Bouchard-768x609.png 768w, https:\/\/www.interactivemediainstitute.com\/cypsy26\/wp-content\/uploads\/2022\/09\/Stephane-Bouchard.png 1192w\" sizes=\"auto, (max-width: 263px) 100vw, 263px\" \/><\/p>\n<p><strong>Professor St\u00e9phane Bouchard Ph.D.<\/strong><\/p>\n<p>Professor of Psychology<\/p>\n<p>Universit\u00e9 du Qu\u00e9bec en Outaouais<\/p>\n<p>Gatineau, Canada<\/p>\n<p><\/p>\n<h3><strong>Organization Committee<\/strong><\/h3>\n<p><strong>Dr Lise Haddouk, PhD<\/strong><\/p>\n<p>Associate Professor of Psychology<\/p>\n<p>University Paris Cit\u00e9<\/p>\n<p>Paris, France<\/p>\n<p><\/p>\n<p><strong>Professor St\u00e9phane Bouchard Ph.D.<\/strong><\/p>\n<p>Professor of Psychology<\/p>\n<p>Universit\u00e9 du Qu\u00e9bec en Outaouais<\/p>\n<p>Gatineau, Canada<\/p>\n<p><\/p>\n<p><strong>Professor Pierre-Paul Vidal<\/strong><\/p>\n<p>Professor of Neurophysiology<\/p>\n<p>Universit\u00e9 Paris Cit\u00e9<\/p>\n<p>Paris, France<\/p>\n<p><\/p>\n<p><strong>Professor Pedro Gamito<\/strong><\/p>\n<p>Professor of Psychology<\/p>\n<p>Universidade Lus\u00f3fona<\/p>\n<p>Lisbon, Portugal<\/p>\n<p><\/p>\n<h3><strong>Scientific Committee<\/strong><\/h3>\n<p><strong>Mariano Alcaniz<\/strong><\/p>\n<p>universidad Polit\u00e9cnica Valencia &#8211; Institute I3B<\/p>\n<p><\/p>\n<p><strong>Rosa Maria Ba\u00f1os<\/strong><\/p>\n<p>universidad de valencia<\/p>\n<p><\/p>\n<p><strong>Steve Bellevergue<\/strong>&nbsp;<\/p>\n<p>Laboratory CRFDP University of Rouen Normandy<\/p>\n<p><\/p>\n<p><strong>Fran\u00e7ois Bertin-Hugault<\/strong><\/p>\n<p>Orpea<\/p>\n<p><\/p>\n<p><strong>Cristina Botella&nbsp;<\/strong><\/p>\n<p>Universitat Jaume I<\/p>\n<p><\/p>\n<p><strong>St\u00e9phane Bouchard&nbsp;<\/strong><\/p>\n<p>Universit\u00e9 du Qu\u00e9bec en Outaouais<\/p>\n<p><\/p>\n<p><strong>Willem-Paul Brinkman&nbsp;<\/strong><\/p>\n<p>Delft University of Technology<\/p>\n<p><\/p>\n<p><strong>Anthony Brooks<\/strong>&nbsp;<\/p>\n<p>Aalborg University<\/p>\n<p><\/p>\n<p><strong>Andrew Campbell<\/strong><\/p>\n<p>The University of Sydney<\/p>\n<p><\/p>\n<p><strong>Georgina Cardenas Lopez<\/strong><\/p>\n<p>universidad nacional autonoma de Mexico<\/p>\n<p><\/p>\n<p><strong>David Causse&nbsp;<\/strong><\/p>\n<p>Institut L\u00e9onard de Vinci<\/p>\n<p><\/p>\n<p><strong>Alice Chirico&nbsp;<\/strong><\/p>\n<p>Universit\u00e0 Cattolica del Sacro Cuore di Milano<\/p>\n<p><\/p>\n<p><strong>Pietro Cipresso<\/strong><\/p>\n<p>Istituto Auxologico Italiano<\/p>\n<p><\/p>\n<p><strong>Giulia Corno<\/strong><\/p>\n<p>University of Valencia<\/p>\n<p><\/p>\n<p><strong>Manuella DeLuca&nbsp;<\/strong><\/p>\n<p>Universit\u00e9 Paris Cit\u00e9<\/p>\n<p><\/p>\n<p><strong>Scott Debb<\/strong>&nbsp;<\/p>\n<p>Norfolk State University<\/p>\n<p><\/p>\n<p><strong>Philippe Drweski&nbsp;<\/strong><\/p>\n<p>University of Paris cit\u00e9<\/p>\n<p><\/p>\n<p><strong>Anne-Marie Etienne<\/strong>&nbsp;<\/p>\n<p>Universit\u00e9 de Li\u00e8ge<\/p>\n<p><\/p>\n<p><strong>Marta Ferrer-Garcia&nbsp;<\/strong><\/p>\n<p>Universitat de Barcelona<\/p>\n<p><\/p>\n<p><strong>Andrea Gaggioli&nbsp;<\/strong><\/p>\n<p>Catholic University of Milan<\/p>\n<p><\/p>\n<p><strong>Pedro Gamito<\/strong><\/p>\n<p>ULHT<\/p>\n<p><\/p>\n<p><strong>Erik Geslin&nbsp;<\/strong><\/p>\n<p>NOROFF NUC<\/p>\n<p><\/p>\n<p><strong>Elsa Godart&nbsp;<\/strong><\/p>\n<p>Universit\u00e9 Gustave Eiffel<\/p>\n<p><\/p>\n<p><strong>Angelique Gozlan&nbsp;<\/strong><\/p>\n<p>EPS Ville-Evrard<\/p>\n<p><\/p>\n<p><strong>Don Grant<\/strong><\/p>\n<p>Newport Healthcare<\/p>\n<p><\/p>\n<p><strong>Jos\u00e9 Guti\u00e9rrez-Maldonado<\/strong><\/p>\n<p>University of Barcelona<\/p>\n<p><\/p>\n<p><strong>Lise Haddouk<\/strong><\/p>\n<p>Universit\u00e9 Paris Cit\u00e9<\/p>\n<p><\/p>\n<p><strong>Patrice Huerre<\/strong><\/p>\n<p>Institut du Virtuel Seine Ouest<\/p>\n<p><\/p>\n<p><strong>Kwanguk Kim&nbsp;<\/strong><\/p>\n<p>Hanyang University<\/p>\n<p><\/p>\n<p><strong>Filippo La Paglia<\/strong><\/p>\n<p>University of Palermo, Italy<\/p>\n<p><\/p>\n<p><strong>Fredi Lang<\/strong>&nbsp;<\/p>\n<p>Berufsverband Deutscher Psychologinnen Und Psychologen<\/p>\n<p><\/p>\n<p><strong>Jang-Han Lee&nbsp;<\/strong><\/p>\n<p>Chung-Ant University, Department of Psychology<\/p>\n<p><\/p>\n<p><strong>Eric Malbos<\/strong><\/p>\n<p>Centre Hospitalo-Universitaire de la Conception, APHM<\/p>\n<p><\/p>\n<p><strong>Juanjo Mart\u00ed-Noguera<\/strong><\/p>\n<p>Cibersalud y Bienestar Digital SL<\/p>\n<p><\/p>\n<p><strong>Sylvain Missonnier&nbsp;<\/strong><\/p>\n<p>Universit\u00e9 Paris Cit\u00e9<\/p>\n<p><\/p>\n<p><strong>Johana Monthuy-Blanc&nbsp;<\/strong><\/p>\n<p>Universit\u00e9 du Qu\u00e9bec \u00e0 Trois-Rivi\u00e8res<\/p>\n<p><\/p>\n<p><strong>Julien Nelson&nbsp;<\/strong><\/p>\n<p>Universit\u00e9 de Paris<\/p>\n<p><\/p>\n<p><strong>Nigel Newbutt<\/strong><\/p>\n<p>University of Florida<\/p>\n<p><\/p>\n<p><strong>Laurent Oudre<\/strong><\/p>\n<p>Centre Borelli, ENS Paris Saclay<\/p>\n<p><\/p>\n<p><strong>Thomas Parsons&nbsp;<\/strong><\/p>\n<p>Arizona State University<\/p>\n<p><\/p>\n<p><strong>Susan Persky&nbsp;<\/strong><\/p>\n<p>National Human Genome Research Institute<\/p>\n<p><\/p>\n<p><strong>Pascale Piolino<\/strong><\/p>\n<p>Universit\u00e9 Paris-Descartes<\/p>\n<p><\/p>\n<p><strong>Marc Rigolot&nbsp;<\/strong><\/p>\n<p>Fondation MAIF<\/p>\n<p><\/p>\n<p><strong>Giuseppe Riva&nbsp;<\/strong><\/p>\n<p>Universit\u00e0 Cattolica del Sacro Cuore<\/p>\n<p><\/p>\n<p><strong>Genevieve Robillard<\/strong><\/p>\n<p>4431588 Canada Inc IN VIRTUO<\/p>\n<p><\/p>\n<p><strong>Lucia Romo&nbsp;<\/strong><\/p>\n<p>University Paris Nanterre<\/p>\n<p><\/p>\n<p><strong>Michael Roy&nbsp;<\/strong><\/p>\n<p>Uniformed Services University<\/p>\n<p><\/p>\n<p><strong>Jonathan Shalom<\/strong><\/p>\n<p>University of Haifa<\/p>\n<p><\/p>\n<p><strong>Teresa Souto<\/strong><\/p>\n<p>Universidade Lus\u00f3fona<\/p>\n<p><\/p>\n<p><strong>Stefan Stieger<\/strong><\/p>\n<p>Karl Landsteiner University of Health Sciences<\/p>\n<p><\/p>\n<p><strong>Tom Van Daele<\/strong>&nbsp;<\/p>\n<p>Thomas More University College<\/p>\n<p><\/p>\n<p><strong>Beno\u00eet Verdon&nbsp;<\/strong><\/p>\n<p>Universit\u00e9 de Paris<\/p>\n<p><\/p>\n<p><strong>Pierre-Paul Vidal&nbsp;<\/strong><\/p>\n<p>Centre Borelli<\/p>\n<p><\/p>\n<p><strong>Xanthie Vlachopoulou&nbsp;<\/strong><\/p>\n<p>Universit\u00e9 Paris-Decartes<\/p>\n<p><\/p>\n<p><strong>Sebastian Wachs&nbsp;<\/strong><\/p>\n<p>Universit\u00e4t Potsdam<\/p>\n<p><\/p>\n<p><strong>John Waterworth&nbsp;<\/strong><\/p>\n<p>Ume\u00e5 University<\/p>\n<p><\/p>\n<p><strong>Tamar Weiss&nbsp;<\/strong><\/p>\n<p>University of Haifa<\/p>\n<p><\/p>\n<p><strong>Brenda Wiederhold<\/strong><\/p>\n<p>Virtual Reality Medical Center<\/p>\n<p><\/p>\n<p><strong>Dennis Wood<\/strong><\/p>\n<p>Virtual Reality Medical Center<\/p>\n<p><\/p>\n<p><strong>Rafika Zebdi&nbsp;<\/strong><\/p>\n<p>Universit\u00e9 Paris Nanterre<\/p>\n<p><\/p>\n<h3><strong>CYPSY26 Staff<\/strong><\/h3>\n<p>Giulia Corno<\/p>\n<p>Jeanne Florit<\/p>\n<p>Rom\u00e9a Hauguel<\/p>\n<p>Donovan Morel<\/p>\n<p>Am\u00e9lia Paquette<\/p>\n<p>Genevi\u00e8ve Robillard<\/p>\n<p><\/p>\n<h3><strong>Local Coordinator<\/strong><\/h3>\n<p><strong>Dr Lise Haddouk, PhD<\/strong><\/p>\n<p>Associate Professor of Psychology<br>Centre Borelli (UMR9010)<\/p>\n<p>University Paris Cit\u00e9<\/p>\n<p>Paris, France<\/p>\n\n\n<hr class=\"wp-block-separator has-alpha-channel-opacity\"\/>\n\n\n\n<div class=\"wp-block-group is-nowrap is-layout-flex wp-container-core-group-is-layout-1 wp-block-group-is-layout-flex\">\n<figure class=\"wp-block-image size-large is-resized\"><img loading=\"lazy\" decoding=\"async\" src=\"https:\/\/www.interactivemediainstitute.com\/cypsy26\/wp-content\/uploads\/2023\/01\/RVBLogotype_Centre_Borelli_couleur_grand-1024x1024.png\" alt=\"\" class=\"wp-image-1189\" width=\"114\" height=\"114\" srcset=\"https:\/\/www.interactivemediainstitute.com\/cypsy26\/wp-content\/uploads\/2023\/01\/RVBLogotype_Centre_Borelli_couleur_grand-1024x1024.png 1024w, https:\/\/www.interactivemediainstitute.com\/cypsy26\/wp-content\/uploads\/2023\/01\/RVBLogotype_Centre_Borelli_couleur_grand-300x300.png 300w, https:\/\/www.interactivemediainstitute.com\/cypsy26\/wp-content\/uploads\/2023\/01\/RVBLogotype_Centre_Borelli_couleur_grand-150x150.png 150w, https:\/\/www.interactivemediainstitute.com\/cypsy26\/wp-content\/uploads\/2023\/01\/RVBLogotype_Centre_Borelli_couleur_grand-768x768.png 768w, https:\/\/www.interactivemediainstitute.com\/cypsy26\/wp-content\/uploads\/2023\/01\/RVBLogotype_Centre_Borelli_couleur_grand-1536x1536.png 1536w, https:\/\/www.interactivemediainstitute.com\/cypsy26\/wp-content\/uploads\/2023\/01\/RVBLogotype_Centre_Borelli_couleur_grand-2048x2048.png 2048w\" sizes=\"auto, (max-width: 114px) 100vw, 114px\" \/><\/figure>\n\n\n\n<figure class=\"wp-block-image size-full is-resized\"><img loading=\"lazy\" decoding=\"async\" src=\"https:\/\/www.interactivemediainstitute.com\/cypsy26\/wp-content\/uploads\/2022\/09\/UPC-e1662594233550.png\" alt=\"\" class=\"wp-image-661\" width=\"130\" height=\"72\"\/><\/figure>\n\n\n\n<figure class=\"wp-block-image size-full is-resized\"><img loading=\"lazy\" decoding=\"async\" src=\"https:\/\/www.interactivemediainstitute.com\/cypsy26\/wp-content\/uploads\/2022\/11\/Logo-ENS-3.png\" alt=\"\" class=\"wp-image-981\" width=\"210\" height=\"116\"\/><\/figure>\n\n\n\n<figure class=\"wp-block-image size-full is-resized\"><img loading=\"lazy\" decoding=\"async\" src=\"https:\/\/www.interactivemediainstitute.com\/cypsy26\/wp-content\/uploads\/2023\/01\/Logo-CNRS_2.jpg\" alt=\"\" class=\"wp-image-1187\" width=\"114\" height=\"114\" srcset=\"https:\/\/www.interactivemediainstitute.com\/cypsy26\/wp-content\/uploads\/2023\/01\/Logo-CNRS_2.jpg 879w, https:\/\/www.interactivemediainstitute.com\/cypsy26\/wp-content\/uploads\/2023\/01\/Logo-CNRS_2-300x300.jpg 300w, https:\/\/www.interactivemediainstitute.com\/cypsy26\/wp-content\/uploads\/2023\/01\/Logo-CNRS_2-150x150.jpg 150w, https:\/\/www.interactivemediainstitute.com\/cypsy26\/wp-content\/uploads\/2023\/01\/Logo-CNRS_2-768x768.jpg 768w\" sizes=\"auto, (max-width: 114px) 100vw, 114px\" \/><\/figure>\n\n\n\n<figure class=\"wp-block-image size-full is-resized\"><img loading=\"lazy\" decoding=\"async\" src=\"https:\/\/www.interactivemediainstitute.com\/cypsy26\/wp-content\/uploads\/2022\/11\/Logo-SSA-edited.jpg\" alt=\"\" class=\"wp-image-979\" width=\"100\" height=\"130\"\/><\/figure>\n\n\n\n<figure class=\"wp-block-image size-full is-resized\"><img loading=\"lazy\" decoding=\"async\" src=\"https:\/\/www.interactivemediainstitute.com\/cypsy26\/wp-content\/uploads\/2023\/01\/thumbnail_InsermSeul_Rvb__noir.png\" alt=\"\" class=\"wp-image-1191\" width=\"130\" height=\"72\"\/><\/figure>\n<\/div>\n\n\n\n<div class=\"wp-block-group is-nowrap is-layout-flex wp-container-core-group-is-layout-3 wp-block-group-is-layout-flex\">\n<figure class=\"wp-block-image size-full is-resized\"><img loading=\"lazy\" decoding=\"async\" src=\"https:\/\/www.interactivemediainstitute.com\/cypsy26\/wp-content\/uploads\/2022\/09\/cropped-Logo-AUXO-IMI-edited.jpg\" alt=\"\" class=\"wp-image-773\" width=\"116\" height=\"116\" srcset=\"https:\/\/www.interactivemediainstitute.com\/cypsy26\/wp-content\/uploads\/2022\/09\/cropped-Logo-AUXO-IMI-edited.jpg 401w, https:\/\/www.interactivemediainstitute.com\/cypsy26\/wp-content\/uploads\/2022\/09\/cropped-Logo-AUXO-IMI-edited-300x300.jpg 300w, https:\/\/www.interactivemediainstitute.com\/cypsy26\/wp-content\/uploads\/2022\/09\/cropped-Logo-AUXO-IMI-edited-150x150.jpg 150w\" sizes=\"auto, (max-width: 116px) 100vw, 116px\" \/><\/figure>\n\n\n\n<div class=\"wp-block-group is-content-justification-right is-nowrap is-layout-flex wp-container-core-group-is-layout-2 wp-block-group-is-layout-flex\">\n<figure class=\"wp-block-image size-full is-resized\"><img loading=\"lazy\" decoding=\"async\" src=\"https:\/\/www.interactivemediainstitute.com\/cypsy26\/wp-content\/uploads\/2023\/01\/cyber-07-edited-scaled.jpg\" alt=\"\" class=\"wp-image-1173\" width=\"141\" height=\"74\" srcset=\"https:\/\/www.interactivemediainstitute.com\/cypsy26\/wp-content\/uploads\/2023\/01\/cyber-07-edited-scaled.jpg 2560w, https:\/\/www.interactivemediainstitute.com\/cypsy26\/wp-content\/uploads\/2023\/01\/cyber-07-edited-300x157.jpg 300w\" sizes=\"auto, (max-width: 141px) 100vw, 141px\" \/><\/figure>\n<\/div>\n\n\n\n<figure class=\"wp-block-image size-full is-resized\"><img loading=\"lazy\" decoding=\"async\" src=\"https:\/\/www.interactivemediainstitute.com\/cypsy26\/wp-content\/uploads\/2023\/05\/Logo-chair-labo-cyberpsychologie.jpg\" alt=\"\" class=\"wp-image-1395\" width=\"130\" height=\"72\"\/><\/figure>\n\n\n\n<figure class=\"wp-block-image size-full is-resized\"><img loading=\"lazy\" decoding=\"async\" src=\"https:\/\/www.interactivemediainstitute.com\/cypsy26\/wp-content\/uploads\/2023\/05\/mary-ann-liebert-inc-vector-logo-2.png\" alt=\"\" class=\"wp-image-1373\" width=\"130\" height=\"72\"\/><\/figure>\n\n\n\n<figure class=\"wp-block-image size-full is-resized\"><img loading=\"lazy\" decoding=\"async\" src=\"https:\/\/www.interactivemediainstitute.com\/cypsy26\/wp-content\/uploads\/2023\/05\/cropped-Logo_C2Care.png\" alt=\"\" class=\"wp-image-1308\" width=\"100\" height=\"100\" srcset=\"https:\/\/www.interactivemediainstitute.com\/cypsy26\/wp-content\/uploads\/2023\/05\/cropped-Logo_C2Care.png 512w, https:\/\/www.interactivemediainstitute.com\/cypsy26\/wp-content\/uploads\/2023\/05\/cropped-Logo_C2Care-300x300.png 300w, https:\/\/www.interactivemediainstitute.com\/cypsy26\/wp-content\/uploads\/2023\/05\/cropped-Logo_C2Care-150x150.png 150w\" sizes=\"auto, (max-width: 100px) 100vw, 100px\" \/><\/figure>\n\n\n\n<figure class=\"wp-block-image size-full is-resized\"><img loading=\"lazy\" decoding=\"async\" src=\"https:\/\/www.interactivemediainstitute.com\/cypsy26\/wp-content\/uploads\/2023\/05\/inVirtuo.jpg\" alt=\"\" class=\"wp-image-1309\" width=\"130\" height=\"72\" srcset=\"https:\/\/www.interactivemediainstitute.com\/cypsy26\/wp-content\/uploads\/2023\/05\/inVirtuo.jpg 700w, https:\/\/www.interactivemediainstitute.com\/cypsy26\/wp-content\/uploads\/2023\/05\/inVirtuo-300x164.jpg 300w\" sizes=\"auto, (max-width: 130px) 100vw, 130px\" \/><\/figure>\n\n\n\n<figure class=\"wp-block-image size-full is-resized\"><img loading=\"lazy\" decoding=\"async\" src=\"https:\/\/www.interactivemediainstitute.com\/cypsy26\/wp-content\/uploads\/2023\/05\/VRMC-logo-final-copy.jpeg\" alt=\"\" class=\"wp-image-1346\" width=\"130\" height=\"72\"\/><\/figure>\n<\/div>\n\n\n\n<div class=\"wp-block-group is-content-justification-left is-nowrap is-layout-flex wp-container-core-group-is-layout-4 wp-block-group-is-layout-flex\">\n<figure class=\"wp-block-image size-large is-resized\"><img loading=\"lazy\" decoding=\"async\" src=\"https:\/\/www.interactivemediainstitute.com\/cypsy26\/wp-content\/uploads\/2023\/06\/Logo_IDP-1024x621.png\" alt=\"\" class=\"wp-image-1482\" width=\"130\" height=\"72\"\/><\/figure>\n\n\n\n<figure class=\"wp-block-image size-large is-resized\"><img loading=\"lazy\" decoding=\"async\" src=\"https:\/\/www.interactivemediainstitute.com\/cypsy26\/wp-content\/uploads\/2023\/06\/Logo-FFPP-1024x824.jpeg\" alt=\"\" class=\"wp-image-1480\" width=\"130\" height=\"72\"\/><\/figure>\n\n\n\n<figure class=\"wp-block-image size-full is-resized\"><img loading=\"lazy\" decoding=\"async\" src=\"https:\/\/www.interactivemediainstitute.com\/cypsy26\/wp-content\/uploads\/2023\/06\/logovra-orangebleu.jpg\" alt=\"\" class=\"wp-image-1437\" width=\"100\" height=\"72\"\/><\/figure>\n\n\n\n<figure class=\"wp-block-image size-large is-resized\"><img loading=\"lazy\" decoding=\"async\" src=\"https:\/\/www.interactivemediainstitute.com\/cypsy26\/wp-content\/uploads\/2023\/06\/CB-Logo-no-tagline--1024x455.jpg\" alt=\"\" class=\"wp-image-1436\" width=\"130\" height=\"72\"\/><\/figure>\n<\/div>\n","protected":false},"excerpt":{"rendered":"<p>Conference Chairs and Organizers Professor Dr. Brenda K. Wiederhold, Ph.D., MBA, BCB, BCN&nbsp; Conference Co-Chair &amp; Organizer Interactive Media Institute Virtual Reality Medical Center San Diego, CA, USA Dr Lise Haddouk, PhD Conference Co-Chair &amp; Organizer Associate Professor of Psychology<\/p>\n<p class=\"link-more\"><a class=\"more-link\" href=\"https:\/\/www.interactivemediainstitute.com\/cypsy26\/chairs-organizers\/\">Read More <span class=\"screen-reader-text\">Chairs &#038; Organizers<\/span><\/a><\/p>\n","protected":false},"author":1,"featured_media":0,"parent":0,"menu_order":0,"comment_status":"closed","ping_status":"closed","template":"","meta":{"footnotes":""},"class_list":["post-626","page","type-page","status-publish","hentry","no-thumb"],"_links":{"self":[{"href":"https:\/\/www.interactivemediainstitute.com\/cypsy26\/wp-json\/wp\/v2\/pages\/626","targetHints":{"allow":["GET"]}}],"collection":[{"href":"https:\/\/www.interactivemediainstitute.com\/cypsy26\/wp-json\/wp\/v2\/pages"}],"about":[{"href":"https:\/\/www.interactivemediainstitute.com\/cypsy26\/wp-json\/wp\/v2\/types\/page"}],"author":[{"embeddable":true,"href":"https:\/\/www.interactivemediainstitute.com\/cypsy26\/wp-json\/wp\/v2\/users\/1"}],"replies":[{"embeddable":true,"href":"https:\/\/www.interactivemediainstitute.com\/cypsy26\/wp-json\/wp\/v2\/comments?post=626"}],"version-history":[{"count":31,"href":"https:\/\/www.interactivemediainstitute.com\/cypsy26\/wp-json\/wp\/v2\/pages\/626\/revisions"}],"predecessor-version":[{"id":1512,"href":"https:\/\/www.interactivemediainstitute.com\/cypsy26\/wp-json\/wp\/v2\/pages\/626\/revisions\/1512"}],"wp:attachment":[{"href":"https:\/\/www.interactivemediainstitute.com\/cypsy26\/wp-json\/wp\/v2\/media?parent=626"}],"curies":[{"name":"wp","href":"https:\/\/api.w.org\/{rel}","templated":true}]}}