{"id":587,"date":"2022-09-02T19:02:34","date_gmt":"2022-09-02T19:02:34","guid":{"rendered":"https:\/\/www.interactivemediainstitute.com\/cypsy26\/?page_id=587"},"modified":"2023-07-05T09:54:29","modified_gmt":"2023-07-05T09:54:29","slug":"general-information","status":"publish","type":"page","link":"https:\/\/www.interactivemediainstitute.com\/cypsy26\/general-information\/","title":{"rendered":"General Information"},"content":{"rendered":"<h2 style=\"text-align: center;\">\u00a0<\/h2>\n<h2><strong>About the Conference<\/strong><\/h2>\n<p>The CYPSY Conference began in 1996 and featured presentations dealing mainly with conceptual matters, \u2018what ifs\u2019 and the future possibilities of healthcare and technology. The conference largely focused on Virtual Reality, but has now grown to be more inclusive of other interactive technologies and to include presentations that demonstrate controlled clinical trials. It has also grown to include the investigation of social networking tools on individual behavior, society, and interpersonal relationships.<\/p>\n<p>\u00a0<\/p>\n<h2><strong>Language of the Conference<\/strong><\/h2>\n<p>This conference is held in Paris, FRANCE, where the official language is french. However, given the international nature of the conference and its main organiser (Interactive Media Institute), English is the official language of the conference. All presentations (unless advertised otherwise) will be in English.<\/p>\n<p>\u00a0<\/p>\n<h2><strong>Conference Chairs and<\/strong> <strong>Organizers<\/strong><\/h2>\n<h3><img loading=\"lazy\" decoding=\"async\" class=\"alignnone  wp-image-883\" src=\"https:\/\/www.interactivemediainstitute.com\/cypsy26\/wp-content\/uploads\/2022\/09\/Brenda.png\" alt=\"\" width=\"178\" height=\"240\" \/><\/h3>\n<h4><strong><em>Professor Dr. Brenda K. Wiederhold, Ph.D., MBA, BCB, BCN<\/em>\u00a0<\/strong><\/h4>\n<p><strong>Conference Co-Chair &amp; Organizer<\/strong><\/p>\n<p>Interactive Media Institute<\/p>\n<p>Virtual Reality Medical Center<\/p>\n<p>San Diego, CA, USA<\/p>\n<p>\u00a0<\/p>\n<p><img loading=\"lazy\" decoding=\"async\" class=\"alignnone  wp-image-884\" src=\"https:\/\/www.interactivemediainstitute.com\/cypsy26\/wp-content\/uploads\/2022\/09\/Lise-Haddouk-300x256.png\" alt=\"\" width=\"270\" height=\"230\" srcset=\"https:\/\/www.interactivemediainstitute.com\/cypsy26\/wp-content\/uploads\/2022\/09\/Lise-Haddouk-300x256.png 300w, https:\/\/www.interactivemediainstitute.com\/cypsy26\/wp-content\/uploads\/2022\/09\/Lise-Haddouk.png 702w\" sizes=\"auto, (max-width: 270px) 100vw, 270px\" \/><\/p>\n<h4><strong><em>Dr Lise Haddouk, PhD<\/em><\/strong><\/h4>\n<p><strong>Conference Co-Chair &amp; Organizer<\/strong><\/p>\n<p>Associate Professor of Psychology<\/p>\n<p>University Paris Cit\u00e9<\/p>\n<p>Paris, France<\/p>\n<p><img loading=\"lazy\" decoding=\"async\" class=\"alignnone  wp-image-919\" src=\"https:\/\/www.interactivemediainstitute.com\/cypsy26\/wp-content\/uploads\/2022\/09\/Stephane-Bouchard-300x238.png\" alt=\"\" width=\"263\" height=\"209\" srcset=\"https:\/\/www.interactivemediainstitute.com\/cypsy26\/wp-content\/uploads\/2022\/09\/Stephane-Bouchard-300x238.png 300w, https:\/\/www.interactivemediainstitute.com\/cypsy26\/wp-content\/uploads\/2022\/09\/Stephane-Bouchard-1024x812.png 1024w, https:\/\/www.interactivemediainstitute.com\/cypsy26\/wp-content\/uploads\/2022\/09\/Stephane-Bouchard-768x609.png 768w, https:\/\/www.interactivemediainstitute.com\/cypsy26\/wp-content\/uploads\/2022\/09\/Stephane-Bouchard.png 1192w\" sizes=\"auto, (max-width: 263px) 100vw, 263px\" \/><\/p>\n<p><strong>Professor St\u00e9phane Bouchard Ph.D.<\/strong><\/p>\n<p>Professor of Psychology<\/p>\n<p>Universit\u00e9 du Qu\u00e9bec en Outaouais<\/p>\n<p>Gatineau, Canada<\/p>\n<h3><strong>Organization Committee<\/strong><\/h3>\n<p><strong>Dr Lise Haddouk, PhD<\/strong><\/p>\n<p>Associate Professor of Psychology<\/p>\n<p>University Paris Cit\u00e9<\/p>\n<p>Paris, France<\/p>\n<p>\u00a0<\/p>\n<p><strong>Professor St\u00e9phane Bouchard Ph.D.<\/strong><\/p>\n<p>Professor of Psychology<\/p>\n<p>Universit\u00e9 du Qu\u00e9bec en Outaouais<\/p>\n<p>Gatineau, Canada<\/p>\n<p>\u00a0<\/p>\n<p><strong>Professor Pierre-Paul Vidal<\/strong><\/p>\n<p>Professor of Neurophysiology<\/p>\n<p>Universit\u00e9 Paris Cit\u00e9<\/p>\n<p>Paris, France<\/p>\n<p>\u00a0<\/p>\n<p><strong>Professor Pedro Gamito<\/strong><\/p>\n<p>Professor of Psychology<\/p>\n<p>Universidade Lus\u00f3fona<\/p>\n<p>Lisbon, Portugal<\/p>\n<p>\u00a0<\/p>\n<h3><strong>Scientific Committee<\/strong><\/h3>\n<p><strong>Mariano Alcaniz<\/strong><\/p>\n<p>universidad Polit\u00e9cnica Valencia &#8211; Institute I3B<\/p>\n<p>\u00a0<\/p>\n<p><strong>Rosa Maria Ba\u00f1os<\/strong><\/p>\n<p>universidad de valencia<\/p>\n<p>\u00a0<\/p>\n<p><strong>Steve Bellevergue<\/strong>\u00a0<\/p>\n<p>Laboratory CRFDP University of Rouen Normandy<\/p>\n<p>\u00a0<\/p>\n<p><strong>Fran\u00e7ois Bertin-Hugault<\/strong><\/p>\n<p>Orpea<\/p>\n<p>\u00a0<\/p>\n<p><strong>Cristina Botella\u00a0<\/strong><\/p>\n<p>Universitat Jaume I<\/p>\n<p>\u00a0<\/p>\n<p><strong>St\u00e9phane Bouchard\u00a0<\/strong><\/p>\n<p>Universit\u00e9 du Qu\u00e9bec en Outaouais<\/p>\n<p>\u00a0<\/p>\n<p><strong>Willem-Paul Brinkman\u00a0<\/strong><\/p>\n<p>Delft University of Technology<\/p>\n<p>\u00a0<\/p>\n<p><strong>Anthony Brooks<\/strong>\u00a0<\/p>\n<p>Aalborg University<\/p>\n<p>\u00a0<\/p>\n<p><strong>Andrew Campbell<\/strong><\/p>\n<p>The University of Sydney<\/p>\n<p>\u00a0<\/p>\n<p><strong>Georgina Cardenas Lopez<\/strong><\/p>\n<p>universidad nacional autonoma de Mexico<\/p>\n<p>\u00a0<\/p>\n<p><strong>David Causse\u00a0<\/strong><\/p>\n<p>Institut L\u00e9onard de Vinci<\/p>\n<p>\u00a0<\/p>\n<p><strong>Alice Chirico\u00a0<\/strong><\/p>\n<p>Universit\u00e0 Cattolica del Sacro Cuore di Milano<\/p>\n<p>\u00a0<\/p>\n<p><strong>Pietro Cipresso<\/strong><\/p>\n<p>Istituto Auxologico Italiano<\/p>\n<p>\u00a0<\/p>\n<p><strong>Giulia Corno<\/strong><\/p>\n<p>University of Valencia<\/p>\n<p>\u00a0<\/p>\n<p><strong>Manuella DeLuca\u00a0<\/strong><\/p>\n<p>Universit\u00e9 Paris Cit\u00e9<\/p>\n<p>\u00a0<\/p>\n<p><strong>Scott Debb<\/strong>\u00a0<\/p>\n<p>Norfolk State University<\/p>\n<p>\u00a0<\/p>\n<p><strong>Philippe Drweski\u00a0<\/strong><\/p>\n<p>University of Paris cit\u00e9<\/p>\n<p>\u00a0<\/p>\n<p><strong>Anne-Marie Etienne<\/strong>\u00a0<\/p>\n<p>Universit\u00e9 de Li\u00e8ge<\/p>\n<p>\u00a0<\/p>\n<p><strong>Marta Ferrer-Garcia\u00a0<\/strong><\/p>\n<p>Universitat de Barcelona<\/p>\n<p>\u00a0<\/p>\n<p><strong>Andrea Gaggioli\u00a0<\/strong><\/p>\n<p>Catholic University of Milan<\/p>\n<p>\u00a0<\/p>\n<p><strong>Pedro Gamito<\/strong><\/p>\n<p>ULHT<\/p>\n<p>\u00a0<\/p>\n<p><strong>Erik Geslin\u00a0<\/strong><\/p>\n<p>NOROFF NUC<\/p>\n<p>\u00a0<\/p>\n<p><strong>Elsa Godart\u00a0<\/strong><\/p>\n<p>Universit\u00e9 Gustave Eiffel<\/p>\n<p>\u00a0<\/p>\n<p><strong>Angelique Gozlan\u00a0<\/strong><\/p>\n<p>EPS Ville-Evrard<\/p>\n<p>\u00a0<\/p>\n<p><strong>Don Grant<\/strong><\/p>\n<p>Newport Healthcare<\/p>\n<p>\u00a0<\/p>\n<p><strong>Jos\u00e9 Guti\u00e9rrez-Maldonado<\/strong><\/p>\n<p>University of Barcelona<\/p>\n<p>\u00a0<\/p>\n<p><strong>Lise Haddouk<\/strong><\/p>\n<p>Universit\u00e9 Paris Cit\u00e9<\/p>\n<p>\u00a0<\/p>\n<p><strong>Patrice Huerre<\/strong><\/p>\n<p>Institut du Virtuel Seine Ouest<\/p>\n<p>\u00a0<\/p>\n<p><strong>Kwanguk Kim\u00a0<\/strong><\/p>\n<p>Hanyang University<\/p>\n<p>\u00a0<\/p>\n<p><strong>Filippo La Paglia<\/strong><\/p>\n<p>University of Palermo, Italy<\/p>\n<p>\u00a0<\/p>\n<p><strong>Fredi Lang<\/strong>\u00a0<\/p>\n<p>Berufsverband Deutscher Psychologinnen Und Psychologen<\/p>\n<p>\u00a0<\/p>\n<p><strong>Jang-Han Lee\u00a0<\/strong><\/p>\n<p>Chung-Ant University, Department of Psychology<\/p>\n<p>\u00a0<\/p>\n<p><strong>Eric Malbos<\/strong><\/p>\n<p>Centre Hospitalo-Universitaire de la Conception, APHM<\/p>\n<p>\u00a0<\/p>\n<p><strong>Juanjo Mart\u00ed-Noguera<\/strong><\/p>\n<p>Cibersalud y Bienestar Digital SL<\/p>\n<p>\u00a0<\/p>\n<p><strong>Sylvain Missonnier\u00a0<\/strong><\/p>\n<p>Universit\u00e9 Paris Cit\u00e9<\/p>\n<p>\u00a0<\/p>\n<p><strong>Johana Monthuy-Blanc\u00a0<\/strong><\/p>\n<p>Universit\u00e9 du Qu\u00e9bec \u00e0 Trois-Rivi\u00e8res<\/p>\n<p>\u00a0<\/p>\n<p><strong>Julien Nelson\u00a0<\/strong><\/p>\n<p>Universit\u00e9 de Paris<\/p>\n<p>\u00a0<\/p>\n<p><strong>Nigel Newbutt<\/strong><\/p>\n<p>University of Florida<\/p>\n<p>\u00a0<\/p>\n<p><strong>Laurent Oudre<\/strong><\/p>\n<p>Centre Borelli, ENS Paris Saclay<\/p>\n<p>\u00a0<\/p>\n<p><strong>Thomas Parsons\u00a0<\/strong><\/p>\n<p>Arizona State University<\/p>\n<p>\u00a0<\/p>\n<p><strong>Susan Persky\u00a0<\/strong><\/p>\n<p>National Human Genome Research Institute<\/p>\n<p>\u00a0<\/p>\n<p><strong>Pascale Piolino<\/strong><\/p>\n<p>Universit\u00e9 Paris-Descartes<\/p>\n<p>\u00a0<\/p>\n<p><strong>Marc Rigolot\u00a0<\/strong><\/p>\n<p>Fondation MAIF<\/p>\n<p>\u00a0<\/p>\n<p><strong>Giuseppe Riva\u00a0<\/strong><\/p>\n<p>Universit\u00e0 Cattolica del Sacro Cuore<\/p>\n<p>\u00a0<\/p>\n<p><strong>Genevieve Robillard<\/strong><\/p>\n<p>4431588 Canada Inc IN VIRTUO<\/p>\n<p>\u00a0<\/p>\n<p><strong>Lucia Romo\u00a0<\/strong><\/p>\n<p>University Paris Nanterre<\/p>\n<p>\u00a0<\/p>\n<p><strong>Michael Roy\u00a0<\/strong><\/p>\n<p>Uniformed Services University<\/p>\n<p>\u00a0<\/p>\n<p><strong>Jonathan Shalom<\/strong><\/p>\n<p>University of Haifa<\/p>\n<p>\u00a0<\/p>\n<p><strong>Teresa Souto<\/strong><\/p>\n<p>Universidade Lus\u00f3fona<\/p>\n<p>\u00a0<\/p>\n<p><strong>Stefan Stieger<\/strong><\/p>\n<p>Karl Landsteiner University of Health Sciences<\/p>\n<p>\u00a0<\/p>\n<p><strong>Tom Van Daele<\/strong>\u00a0<\/p>\n<p>Thomas More University College<\/p>\n<p>\u00a0<\/p>\n<p><strong>Beno\u00eet Verdon\u00a0<\/strong><\/p>\n<p>Universit\u00e9 de Paris<\/p>\n<p>\u00a0<\/p>\n<p><strong>Pierre-Paul Vidal\u00a0<\/strong><\/p>\n<p>Centre Borelli<\/p>\n<p>\u00a0<\/p>\n<p><strong>Xanthie Vlachopoulou\u00a0<\/strong><\/p>\n<p>Universit\u00e9 Paris-Decartes<\/p>\n<p>\u00a0<\/p>\n<p><strong>Sebastian Wachs\u00a0<\/strong><\/p>\n<p>Universit\u00e4t Potsdam<\/p>\n<p>\u00a0<\/p>\n<p><strong>John Waterworth\u00a0<\/strong><\/p>\n<p>Ume\u00e5 University<\/p>\n<p>\u00a0<\/p>\n<p><strong>Tamar Weiss\u00a0<\/strong><\/p>\n<p>University of Haifa<\/p>\n<p>\u00a0<\/p>\n<p><strong>Brenda Wiederhold<\/strong><\/p>\n<p>Virtual Reality Medical Center<\/p>\n<p>\u00a0<\/p>\n<p><strong>Dennis Wood<\/strong><\/p>\n<p>Virtual Reality Medical Center<\/p>\n<p>\u00a0<\/p>\n<p><strong>Rafika Zebdi\u00a0<\/strong><\/p>\n<p>Universit\u00e9 Paris Nanterre<\/p>\n<p>\u00a0<\/p>\n<h3><strong>CYPSY26 Staff<\/strong><\/h3>\n<p>Giulia Corno<\/p>\n<p>Jeanne Florit<\/p>\n<p>Rom\u00e9a Hauguel<\/p>\n<p>Donovan Morel<\/p>\n<p>Am\u00e9lia Paquette<\/p>\n<p>Genevi\u00e8ve Robillard<\/p>\n<p>\u00a0<\/p>\n<h3><strong>Local Coordinator<\/strong><\/h3>\n<p><strong>Dr Lise Haddouk, PhD<\/strong><\/p>\n<p>Associate Professor of Psychology<br \/>Centre Borelli (UMR9010)<\/p>\n<p>University Paris Cit\u00e9<\/p>\n<p>\u00a0<\/p>\n<p>email: <a href=\"mailto:cypsy26@u-paris.fr\">cypsy26@u-paris.fr<\/a>\u00a0<\/p>\n<p>Phone: +33 6 86 98 01 75<\/p>\n\n\n<figure class=\"wp-block-image size-large\"><a href=\"https:\/\/www.openstreetmap.org\/node\/7405106973#map=19\/48.85119\/2.34033\"><img loading=\"lazy\" decoding=\"async\" width=\"1024\" height=\"512\" src=\"https:\/\/www.interactivemediainstitute.com\/cypsy26\/wp-content\/uploads\/2022\/09\/Carte-1024x512.png\" alt=\"\" class=\"wp-image-887\" srcset=\"https:\/\/www.interactivemediainstitute.com\/cypsy26\/wp-content\/uploads\/2022\/09\/Carte-1024x512.png 1024w, https:\/\/www.interactivemediainstitute.com\/cypsy26\/wp-content\/uploads\/2022\/09\/Carte-300x150.png 300w, https:\/\/www.interactivemediainstitute.com\/cypsy26\/wp-content\/uploads\/2022\/09\/Carte-768x384.png 768w, https:\/\/www.interactivemediainstitute.com\/cypsy26\/wp-content\/uploads\/2022\/09\/Carte.png 1350w\" sizes=\"auto, (max-width: 1024px) 100vw, 1024px\" \/><\/a><figcaption><a href=\"https:\/\/www.openstreetmap.org\/copyright\">https:\/\/www.openstreetmap.org\/copyright<\/a><\/figcaption><\/figure>\n\n\n\n<p>Adress: 12 et 15, rue de l\u2019\u00c9cole de m\u00e9decine, 75006, Paris, France<\/p>\n\n\n\n<hr class=\"wp-block-separator has-alpha-channel-opacity\"\/>\n\n\n\n<div class=\"wp-block-group is-nowrap is-layout-flex wp-container-core-group-is-layout-1 wp-block-group-is-layout-flex\">\n<figure class=\"wp-block-image size-large is-resized\"><img loading=\"lazy\" decoding=\"async\" src=\"https:\/\/www.interactivemediainstitute.com\/cypsy26\/wp-content\/uploads\/2023\/01\/RVBLogotype_Centre_Borelli_couleur_grand-1024x1024.png\" alt=\"\" class=\"wp-image-1189\" width=\"114\" height=\"114\" srcset=\"https:\/\/www.interactivemediainstitute.com\/cypsy26\/wp-content\/uploads\/2023\/01\/RVBLogotype_Centre_Borelli_couleur_grand-1024x1024.png 1024w, https:\/\/www.interactivemediainstitute.com\/cypsy26\/wp-content\/uploads\/2023\/01\/RVBLogotype_Centre_Borelli_couleur_grand-300x300.png 300w, https:\/\/www.interactivemediainstitute.com\/cypsy26\/wp-content\/uploads\/2023\/01\/RVBLogotype_Centre_Borelli_couleur_grand-150x150.png 150w, https:\/\/www.interactivemediainstitute.com\/cypsy26\/wp-content\/uploads\/2023\/01\/RVBLogotype_Centre_Borelli_couleur_grand-768x768.png 768w, https:\/\/www.interactivemediainstitute.com\/cypsy26\/wp-content\/uploads\/2023\/01\/RVBLogotype_Centre_Borelli_couleur_grand-1536x1536.png 1536w, https:\/\/www.interactivemediainstitute.com\/cypsy26\/wp-content\/uploads\/2023\/01\/RVBLogotype_Centre_Borelli_couleur_grand-2048x2048.png 2048w\" sizes=\"auto, (max-width: 114px) 100vw, 114px\" \/><\/figure>\n\n\n\n<figure class=\"wp-block-image size-full is-resized\"><img loading=\"lazy\" decoding=\"async\" src=\"https:\/\/www.interactivemediainstitute.com\/cypsy26\/wp-content\/uploads\/2022\/09\/UPC-e1662594233550.png\" alt=\"\" class=\"wp-image-661\" width=\"130\" height=\"72\"\/><\/figure>\n\n\n\n<figure class=\"wp-block-image size-full is-resized\"><img loading=\"lazy\" decoding=\"async\" src=\"https:\/\/www.interactivemediainstitute.com\/cypsy26\/wp-content\/uploads\/2022\/11\/Logo-ENS-3.png\" alt=\"\" class=\"wp-image-981\" width=\"195\" height=\"108\"\/><\/figure>\n\n\n\n<figure class=\"wp-block-image size-full is-resized\"><img loading=\"lazy\" decoding=\"async\" src=\"https:\/\/www.interactivemediainstitute.com\/cypsy26\/wp-content\/uploads\/2023\/01\/Logo-CNRS_2.jpg\" alt=\"\" class=\"wp-image-1187\" width=\"114\" height=\"114\" srcset=\"https:\/\/www.interactivemediainstitute.com\/cypsy26\/wp-content\/uploads\/2023\/01\/Logo-CNRS_2.jpg 879w, https:\/\/www.interactivemediainstitute.com\/cypsy26\/wp-content\/uploads\/2023\/01\/Logo-CNRS_2-300x300.jpg 300w, https:\/\/www.interactivemediainstitute.com\/cypsy26\/wp-content\/uploads\/2023\/01\/Logo-CNRS_2-150x150.jpg 150w, https:\/\/www.interactivemediainstitute.com\/cypsy26\/wp-content\/uploads\/2023\/01\/Logo-CNRS_2-768x768.jpg 768w\" sizes=\"auto, (max-width: 114px) 100vw, 114px\" \/><\/figure>\n\n\n\n<figure class=\"wp-block-image size-full is-resized\"><img loading=\"lazy\" decoding=\"async\" src=\"https:\/\/www.interactivemediainstitute.com\/cypsy26\/wp-content\/uploads\/2022\/11\/Logo-SSA-edited.jpg\" alt=\"\" class=\"wp-image-979\" width=\"114\" height=\"120\"\/><\/figure>\n\n\n\n<figure class=\"wp-block-image size-full is-resized\"><img loading=\"lazy\" decoding=\"async\" src=\"https:\/\/www.interactivemediainstitute.com\/cypsy26\/wp-content\/uploads\/2023\/01\/thumbnail_InsermSeul_Rvb__noir.png\" alt=\"\" class=\"wp-image-1191\" width=\"130\" height=\"72\"\/><\/figure>\n<\/div>\n\n\n\n<div class=\"wp-block-group\"><div class=\"wp-block-group__inner-container is-layout-flow wp-block-group-is-layout-flow\"><div class=\"wp-block-image\">\n<figure class=\"alignleft size-full is-resized\"><img loading=\"lazy\" decoding=\"async\" src=\"https:\/\/www.interactivemediainstitute.com\/cypsy26\/wp-content\/uploads\/2022\/09\/cropped-Logo-AUXO-IMI-edited.jpg\" alt=\"\" class=\"wp-image-773\" width=\"115\" height=\"115\" srcset=\"https:\/\/www.interactivemediainstitute.com\/cypsy26\/wp-content\/uploads\/2022\/09\/cropped-Logo-AUXO-IMI-edited.jpg 401w, https:\/\/www.interactivemediainstitute.com\/cypsy26\/wp-content\/uploads\/2022\/09\/cropped-Logo-AUXO-IMI-edited-300x300.jpg 300w, https:\/\/www.interactivemediainstitute.com\/cypsy26\/wp-content\/uploads\/2022\/09\/cropped-Logo-AUXO-IMI-edited-150x150.jpg 150w\" sizes=\"auto, (max-width: 115px) 100vw, 115px\" \/><\/figure><\/div><\/div><\/div>\n\n\n\n<div class=\"wp-block-group is-nowrap is-layout-flex wp-container-core-group-is-layout-5 wp-block-group-is-layout-flex\">\n<div class=\"wp-block-columns is-layout-flex wp-container-core-columns-is-layout-1 wp-block-columns-is-layout-flex\">\n<div class=\"wp-block-column is-layout-flow wp-block-column-is-layout-flow\" style=\"flex-basis:100%\">\n<div class=\"wp-block-group\"><div class=\"wp-block-group__inner-container is-layout-flow wp-block-group-is-layout-flow\"><div class=\"wp-block-image\">\n<figure class=\"alignleft size-full is-resized\"><img loading=\"lazy\" decoding=\"async\" src=\"https:\/\/www.interactivemediainstitute.com\/cypsy26\/wp-content\/uploads\/2023\/01\/cyber-07-edited-scaled.jpg\" alt=\"\" class=\"wp-image-1173\" width=\"147\" height=\"76\" srcset=\"https:\/\/www.interactivemediainstitute.com\/cypsy26\/wp-content\/uploads\/2023\/01\/cyber-07-edited-scaled.jpg 2560w, https:\/\/www.interactivemediainstitute.com\/cypsy26\/wp-content\/uploads\/2023\/01\/cyber-07-edited-300x157.jpg 300w\" sizes=\"auto, (max-width: 147px) 100vw, 147px\" \/><\/figure><\/div><\/div><\/div>\n<\/div>\n<\/div>\n\n\n\n<figure class=\"wp-block-image size-full is-resized\"><img loading=\"lazy\" decoding=\"async\" src=\"https:\/\/www.interactivemediainstitute.com\/cypsy26\/wp-content\/uploads\/2023\/05\/Logo-chair-labo-cyberpsychologie.jpg\" alt=\"\" class=\"wp-image-1395\" width=\"130\" height=\"72\"\/><\/figure>\n\n\n\n<div class=\"wp-block-group\"><div class=\"wp-block-group__inner-container is-layout-flow wp-block-group-is-layout-flow\">\n<figure class=\"wp-block-image size-full is-resized\"><img loading=\"lazy\" decoding=\"async\" src=\"https:\/\/www.interactivemediainstitute.com\/cypsy26\/wp-content\/uploads\/2023\/05\/mary-ann-liebert-inc-vector-logo-2.png\" alt=\"\" class=\"wp-image-1373\" width=\"130\" height=\"72\"\/><\/figure>\n<\/div><\/div>\n\n\n\n<figure class=\"wp-block-image size-full is-resized\"><img loading=\"lazy\" decoding=\"async\" src=\"https:\/\/www.interactivemediainstitute.com\/cypsy26\/wp-content\/uploads\/2023\/05\/cropped-Logo_C2Care.png\" alt=\"\" class=\"wp-image-1308\" width=\"100\" height=\"100\" srcset=\"https:\/\/www.interactivemediainstitute.com\/cypsy26\/wp-content\/uploads\/2023\/05\/cropped-Logo_C2Care.png 512w, https:\/\/www.interactivemediainstitute.com\/cypsy26\/wp-content\/uploads\/2023\/05\/cropped-Logo_C2Care-300x300.png 300w, https:\/\/www.interactivemediainstitute.com\/cypsy26\/wp-content\/uploads\/2023\/05\/cropped-Logo_C2Care-150x150.png 150w\" sizes=\"auto, (max-width: 100px) 100vw, 100px\" \/><\/figure>\n\n\n\n<figure class=\"wp-block-image size-full is-resized\"><img loading=\"lazy\" decoding=\"async\" src=\"https:\/\/www.interactivemediainstitute.com\/cypsy26\/wp-content\/uploads\/2023\/05\/inVirtuo.jpg\" alt=\"\" class=\"wp-image-1309\" width=\"130\" height=\"72\" srcset=\"https:\/\/www.interactivemediainstitute.com\/cypsy26\/wp-content\/uploads\/2023\/05\/inVirtuo.jpg 700w, https:\/\/www.interactivemediainstitute.com\/cypsy26\/wp-content\/uploads\/2023\/05\/inVirtuo-300x164.jpg 300w\" sizes=\"auto, (max-width: 130px) 100vw, 130px\" \/><\/figure>\n\n\n\n<figure class=\"wp-block-image size-full is-resized\"><img loading=\"lazy\" decoding=\"async\" src=\"https:\/\/www.interactivemediainstitute.com\/cypsy26\/wp-content\/uploads\/2023\/05\/VRMC-logo-final-copy.jpeg\" alt=\"\" class=\"wp-image-1346\" width=\"130\" height=\"72\"\/><\/figure>\n<\/div>\n\n\n\n<div class=\"wp-block-group\"><div class=\"wp-block-group__inner-container is-layout-flow wp-block-group-is-layout-flow\">\n<div class=\"wp-block-group\"><div class=\"wp-block-group__inner-container is-layout-flow wp-block-group-is-layout-flow\">\n<div class=\"wp-block-group\"><div class=\"wp-block-group__inner-container is-layout-flow wp-block-group-is-layout-flow\">\n<div class=\"wp-block-group is-content-justification-left is-nowrap is-layout-flex wp-container-core-group-is-layout-6 wp-block-group-is-layout-flex\">\n<figure class=\"wp-block-image size-large is-resized\"><img loading=\"lazy\" decoding=\"async\" src=\"https:\/\/www.interactivemediainstitute.com\/cypsy26\/wp-content\/uploads\/2023\/06\/Logo_IDP-1024x621.png\" alt=\"\" class=\"wp-image-1482\" width=\"130\" height=\"72\"\/><\/figure>\n\n\n\n<figure class=\"wp-block-image size-large is-resized\"><img loading=\"lazy\" decoding=\"async\" src=\"https:\/\/www.interactivemediainstitute.com\/cypsy26\/wp-content\/uploads\/2023\/06\/Logo-FFPP-1024x824.jpeg\" alt=\"\" class=\"wp-image-1480\" width=\"130\" height=\"72\"\/><\/figure>\n\n\n\n<figure class=\"wp-block-image size-full is-resized\"><img loading=\"lazy\" decoding=\"async\" src=\"https:\/\/www.interactivemediainstitute.com\/cypsy26\/wp-content\/uploads\/2023\/06\/logovra-orangebleu.jpg\" alt=\"\" class=\"wp-image-1437\" width=\"100\" height=\"72\"\/><\/figure>\n\n\n\n<figure class=\"wp-block-image size-large is-resized\"><img loading=\"lazy\" decoding=\"async\" src=\"https:\/\/www.interactivemediainstitute.com\/cypsy26\/wp-content\/uploads\/2023\/06\/CB-Logo-no-tagline--1024x455.jpg\" alt=\"\" class=\"wp-image-1436\" width=\"130\" height=\"72\"\/><\/figure>\n<\/div>\n<\/div><\/div>\n\n\n\n<div class=\"wp-block-group\"><div class=\"wp-block-group__inner-container is-layout-flow wp-block-group-is-layout-flow\">\n<div class=\"wp-block-columns is-layout-flex wp-container-core-columns-is-layout-2 wp-block-columns-is-layout-flex\">\n<div class=\"wp-block-column is-layout-flow wp-block-column-is-layout-flow\" style=\"flex-basis:100%\"><\/div>\n<\/div>\n<\/div><\/div>\n<\/div><\/div>\n<\/div><\/div>\n\n\n\n<div class=\"wp-block-group\"><div class=\"wp-block-group__inner-container is-layout-flow wp-block-group-is-layout-flow\">\n<div class=\"wp-block-columns is-layout-flex wp-container-core-columns-is-layout-3 wp-block-columns-is-layout-flex\">\n<div class=\"wp-block-column is-layout-flow wp-block-column-is-layout-flow\"><\/div>\n<\/div>\n<\/div><\/div>\n","protected":false},"excerpt":{"rendered":"<p>\u00a0 About the Conference The CYPSY Conference began in 1996 and featured presentations dealing mainly with conceptual matters, \u2018what ifs\u2019 and the future possibilities of healthcare and technology. The conference largely focused on Virtual Reality, but has now grown to<\/p>\n<p class=\"link-more\"><a class=\"more-link\" href=\"https:\/\/www.interactivemediainstitute.com\/cypsy26\/general-information\/\">Read More <span class=\"screen-reader-text\">General Information<\/span><\/a><\/p>\n","protected":false},"author":1,"featured_media":0,"parent":0,"menu_order":0,"comment_status":"closed","ping_status":"closed","template":"","meta":{"footnotes":""},"class_list":["post-587","page","type-page","status-publish","hentry","no-thumb"],"_links":{"self":[{"href":"https:\/\/www.interactivemediainstitute.com\/cypsy26\/wp-json\/wp\/v2\/pages\/587","targetHints":{"allow":["GET"]}}],"collection":[{"href":"https:\/\/www.interactivemediainstitute.com\/cypsy26\/wp-json\/wp\/v2\/pages"}],"about":[{"href":"https:\/\/www.interactivemediainstitute.com\/cypsy26\/wp-json\/wp\/v2\/types\/page"}],"author":[{"embeddable":true,"href":"https:\/\/www.interactivemediainstitute.com\/cypsy26\/wp-json\/wp\/v2\/users\/1"}],"replies":[{"embeddable":true,"href":"https:\/\/www.interactivemediainstitute.com\/cypsy26\/wp-json\/wp\/v2\/comments?post=587"}],"version-history":[{"count":41,"href":"https:\/\/www.interactivemediainstitute.com\/cypsy26\/wp-json\/wp\/v2\/pages\/587\/revisions"}],"predecessor-version":[{"id":1545,"href":"https:\/\/www.interactivemediainstitute.com\/cypsy26\/wp-json\/wp\/v2\/pages\/587\/revisions\/1545"}],"wp:attachment":[{"href":"https:\/\/www.interactivemediainstitute.com\/cypsy26\/wp-json\/wp\/v2\/media?parent=587"}],"curies":[{"name":"wp","href":"https:\/\/api.w.org\/{rel}","templated":true}]}}