{"id":38,"date":"2017-08-31T20:28:19","date_gmt":"2017-08-31T20:28:19","guid":{"rendered":"http:\/\/www.interactivemediainstitute.com\/cypsy25\/?page_id=38"},"modified":"2022-08-25T16:57:43","modified_gmt":"2022-08-25T16:57:43","slug":"home","status":"publish","type":"page","link":"https:\/\/www.interactivemediainstitute.com\/cypsy25\/","title":{"rendered":"Home"},"content":{"rendered":"<h2 style=\"text-align: center;\"><span style=\"color: #ff0000;\">13-15 September 2021\u00a0<\/span><\/h2>\n<h6 style=\"text-align: center;\"><\/h6>\n<p>On behalf of this year\u2019s Conference Co-Chairs, Professor Brenda K. Wiederhold and Professor Giuseppe Riva, it is our pleasure to invite you to join us at the <strong>25th Anniversary Annual International CyberPsychology, CyberTherapy &amp; Social Networking Conference (CYPSY25)<\/strong>, in <span style=\"color: #ff0000;\"><strong>September 2021<\/strong><\/span>.<\/p>\n<p>The conference, organized by <strong>Istituto Auxologico Italiano<\/strong>, due to the persistence of health problems worldwide and the existing limitations of international travel, will be <span style=\"color: #ff0000;\"><strong>hosted virtually (ONLINE)<\/strong><\/span>.<\/p>\n<p>CYPSY25 is the premier international conference on Virtual Reality (VR) and CyberPsychology.<\/p>\n<p>CYPSY25 invites presentations across a wide variety of topics including but certainly not limited to: <strong><em>Virtual Reality, Augumented Reality, Social Networking, Online Behavior, Robotics, Forensic Cyberpsychology (cybersecurity \/ cybercrime), Ethics related to Automation and Machine Learning, Avatars, e-Health, SMART applications, IoT, and other emerging applications.<\/em><\/strong><\/p>\n<p>It attracts people from different disciplines, cultures and backgrounds &#8211; researchers, designers, clinicians and developers &#8211; weaving together into one community, all with the common purpose of creating better and more human technologies.<\/p>\n<p>To help early-stage researchers and beginners <strong>to explore these topics<\/strong>, we have also organized the day before conference (<strong>Sunday 12, 2021<\/strong>) different <a href=\"http:\/\/www.interactivemediainstitute.com\/cypsy25\/programming\/workshops\/\"><strong>practical workshops<\/strong><\/a>. <strong>Workshops are open also to non-participant to the conference<\/strong>.<\/p>\n<p style=\"text-align: center;\"><strong><a href=\"https:\/\/www.interactivemediainstitute.com\/cypsy25\/programming\/\">FINAL Program<\/a><\/strong><\/p>\n<p><img loading=\"lazy\" class=\"alignnone size-full wp-image-2191\" src=\"https:\/\/www.interactivemediainstitute.com\/cypsy25\/wp-content\/uploads\/2021\/09\/CYPSY25_OverviewConferenceProgramme.png\" alt=\"\" width=\"4396\" height=\"2161\" srcset=\"https:\/\/www.interactivemediainstitute.com\/cypsy25\/wp-content\/uploads\/2021\/09\/CYPSY25_OverviewConferenceProgramme.png 4396w, https:\/\/www.interactivemediainstitute.com\/cypsy25\/wp-content\/uploads\/2021\/09\/CYPSY25_OverviewConferenceProgramme-300x147.png 300w, https:\/\/www.interactivemediainstitute.com\/cypsy25\/wp-content\/uploads\/2021\/09\/CYPSY25_OverviewConferenceProgramme-1024x503.png 1024w, https:\/\/www.interactivemediainstitute.com\/cypsy25\/wp-content\/uploads\/2021\/09\/CYPSY25_OverviewConferenceProgramme-768x378.png 768w, https:\/\/www.interactivemediainstitute.com\/cypsy25\/wp-content\/uploads\/2021\/09\/CYPSY25_OverviewConferenceProgramme-1536x755.png 1536w, https:\/\/www.interactivemediainstitute.com\/cypsy25\/wp-content\/uploads\/2021\/09\/CYPSY25_OverviewConferenceProgramme-2048x1007.png 2048w\" sizes=\"(max-width: 4396px) 100vw, 4396px\" \/><\/p>\n<p style=\"text-align: center;\"><span style=\"color: #ff0000;\"><span style=\"caret-color: #ff0000;\">You can <strong>download here the PDF<\/strong><a style=\"font-weight: bold;\" href=\"https:\/\/k00.fr\/zkbr2b4m\">\u00a0including the FINAL PROGRAM and the BOOK OF ABSTRACTS<\/a><\/span><\/span><\/p>\n<p style=\"text-align: center;\"><strong><a href=\"http:\/\/www.interactivemediainstitute.com\/cypsy25\/registration\">Registration information<\/a><br \/>\n<\/strong><span style=\"color: #ff0000;\"><span style=\"caret-color: #ff0000;\"><b>Now Open. <a href=\"https:\/\/www.interactivemediainstitute.com\/cypsy25\/registration\/\">You can register here<\/a><\/b><\/span><\/span><b><\/b><\/p>\n<p style=\"text-align: center;\"><strong><a href=\"https:\/\/www.interactivemediainstitute.com\/cypsy25\/general-information\/galadinner\/\">Social Event: VR Treasure Hunt<\/a><br \/>\n<\/strong><b><span style=\"color: #ff0000;\"><span style=\"caret-color: #ff0000;\">Free Registration Open (Deadline Sept. 13). <\/span><\/span><a style=\"caret-color: #ff0000; color: #ff0000;\" href=\"https:\/\/www.interactivemediainstitute.com\/cypsy25\/general-information\/galadinner\/\">Full instructions here<\/a><\/b><\/p>\n<p style=\"text-align: center;\"><strong><a href=\"https:\/\/www.interactivemediainstitute.com\/cypsy25\/submissions\/full-paper-submission\/\">Full-Paper Submission<\/a><br \/>\n<\/strong><span style=\"color: #ff0000;\"><span style=\"caret-color: #ff0000;\"><b>EXTENDED: September 30, 2021<\/b><\/span><\/span><\/p>\n<p style=\"text-align: center;\"><strong><a href=\"https:\/\/www.interactivemediainstitute.com\/cypsy25\/general-information\/awards-honors\/\" target=\"_blank\" rel=\"noopener noreferrer\">New Investigator Award (for Ph.D. students\/Post Docs with up to 5 years from Ph.D.)<\/a><br \/>\n<\/strong><b><span style=\"color: #ff0000;\">CLOSED<\/span><\/b>. <strong>Deadline:<\/strong> <strong><span style=\"color: #ff0000;\">September 3, 2021<\/span><\/strong><\/p>\n<div class=\"textwidget\">\n<hr \/>\n<\/div>\n<p><em>To support <strong>psychological well-being<\/strong> in this difficult time <strong>our<\/strong> <strong>association is proud to offer you a presen<\/strong><\/em><strong>t<\/strong>:<\/p>\n<p><a href=\"http:\/\/www.covidfeelgood.com\"><strong>COVID Feel Good<\/strong><\/a>, <a href=\"http:\/\/www.covidfeelgood.com\"><strong>a free validated weekly Virtual Reality experience<\/strong><\/a>\u00a0&#8211; available in 12 languages (English, Espa\u00f1ol y Argentino, Fran\u00e7ais, Portugu\u00eas do Brasil, Italiano, \ud55c\uad6d\uc778, \u65e5\u672c\u8a9e, \u0641\u0627\u0631\u0633\u06cc\u200e,\u00a0 Deutsche, Catal\u00e0, Rom\u00e2n\u0103 and T\u00fcrk\u00e7e) &#8211;\u00a0<strong>helping you both to cope with the psychological burden of Coronavirus and to exploit the opportunity for change this unique situation offers<\/strong>. Please try it and <strong>discover the transformative potential of Cyberpsychology<\/strong>.<\/p>\n<p>You\u00a0<strong>can also check these FREE papers <\/strong>recently appeared in <strong><a href=\"https:\/\/home.liebertpub.com\/publications\/cyberpsychology-behavior-and-social-networking\/10\">CyberPsychology, Behavior and Social Networking Journal <\/a><\/strong>published by Mary Ann Liebert, Inc. publishers in New York:<\/p>\n<ul>\n<li class=\"citation__title\"><strong><a href=\"https:\/\/www.liebertpub.com\/doi\/full\/10.1089\/cyber.2021.0009\" target=\"_blank\" rel=\"noopener noreferrer\">Surviving COVID-19: The Neuroscience of Smart Working and Distance Learning<\/a><\/strong><\/li>\n<li class=\"citation__title\"><strong><a href=\"https:\/\/www.liebertpub.com\/doi\/full\/10.1089\/cyber.2017.29099.gri\" target=\"_blank\" rel=\"noopener noreferrer\">Neuroscience of Virtual Reality: From Virtual Exposure to Embodied Medicine<\/a><\/strong><\/li>\n<li class=\"citation__title\"><strong><a href=\"https:\/\/www.liebertpub.com\/doi\/10.1089\/cyber.2018.0150\" target=\"_blank\" rel=\"noopener noreferrer\">Augmented Versus Virtual Reality in Education: An Exploratory Study Examining Science Knowledge Retention When Using Augmented Reality\/Virtual Reality Mobile Applications<\/a><\/strong><\/li>\n<li class=\"citation__title\"><strong><a href=\"https:\/\/www.liebertpub.com\/doi\/10.1089\/cyber.2016.0729\" target=\"_blank\" rel=\"noopener noreferrer\">Do You Love Me? Psychological Characteristics of Romance Scam Victims<\/a><\/strong><\/li>\n<li class=\"citation__title\"><strong><a href=\"https:\/\/www.liebertpub.com\/doi\/10.1089\/cyber.2017.0466\" target=\"_blank\" rel=\"noopener noreferrer\">Internet Filtering and Adolescent Exposure to Online Sexual Material<\/a><\/strong><\/li>\n<li><strong><a href=\"https:\/\/www.liebertpub.com\/doi\/10.1089\/cyber.2017.0375\" target=\"_blank\" rel=\"noopener noreferrer\">The Contribution of Social Media to Body Dissatisfaction, Eating Disorder Symptoms, and Anabolic Steroid Use Among Sexual Minority Men<\/a><\/strong><\/li>\n<li><strong><a href=\"https:\/\/www.liebertpub.com\/doi\/10.1089\/cyber.2020.29194.gri\">Positive Technology and Covid 19<\/a><\/strong><\/li>\n<\/ul>\n<p><b>This year we are also pleased to have a special emphasis as well on the emerging Robotics discipline and in particular on the human-robot interaction in social, educational and clinical tasks. <\/b><\/p>\n<div class=\"textwidget\">\n<hr \/>\n<\/div>\n<p>Jointly organized by <strong style=\"font-size: 1rem;\"><a style=\"outline: 0px; -webkit-box-shadow: currentcolor 0px 0px 0px inset, currentcolor 0px 1px 0px;\" href=\"https:\/\/www.interactivemediainstitute.com\/\">Interactive Media Institute<\/a><\/strong><span style=\"font-size: 1rem;\">\u00a0in collaboration with <strong><a href=\"https:\/\/www.auxologico.com\">Istituto Auxologico Italiano<\/a><\/strong> and with the partnership of\u00a0<a href=\"https:\/\/www.ucsc.it\/\" target=\"_blank\" rel=\"noopener noreferrer\"><strong>Universit\u00e0 Cattolica del Sacro Cuore,<\/strong><\/a><\/span><span style=\"font-size: 1rem;\">\u00a0this conference is an international networking and sharing platform for researchers, clinicians, policymakers and funding agents to share and discuss advancements in the growing disciplines of CyberPsychology, CyberTherapy, and Social Networking.<\/span><\/p>\n<p>The conference is the official conference of the <a href=\"https:\/\/home.liebertpub.com\/publications\/cyberpsychology-behavior-and-social-networking\/10\">CyberPsychology, Behavior and Social Networking Journal <\/a>published by Mary Ann Liebert, Inc. publishers in New York.<\/p>\n<div class=\"page\" title=\"Page 30\">\n<div class=\"section\">\n<div class=\"layoutArea\">\n<div class=\"column\">\n<p style=\"text-align: center;\"><span style=\"color: #ff0000;\"><strong>ACKNOWLEDGMENTS<\/strong><\/span><\/p>\n<p style=\"text-align: center;\">The conference was funded by Italian Ministry of Health (Ricerca Corrente and Ricerca Finalizzata)<\/p>\n<\/div>\n<\/div>\n<\/div>\n<\/div>\n","protected":false},"excerpt":{"rendered":"<p>13-15 September 2021\u00a0 On behalf of this year\u2019s Conference Co-Chairs, Professor Brenda K. Wiederhold and Professor Giuseppe Riva, it is our pleasure to invite you to join us at the 25th Anniversary Annual International CyberPsychology, CyberTherapy &amp; Social Networking Conference<\/p>\n<p class=\"link-more\"><a class=\"more-link\" href=\"https:\/\/www.interactivemediainstitute.com\/cypsy25\/\">Read More <span class=\"screen-reader-text\">Home<\/span><\/a><\/p>\n","protected":false},"author":5,"featured_media":0,"parent":0,"menu_order":0,"comment_status":"closed","ping_status":"closed","template":"","meta":[],"_links":{"self":[{"href":"https:\/\/www.interactivemediainstitute.com\/cypsy25\/wp-json\/wp\/v2\/pages\/38"}],"collection":[{"href":"https:\/\/www.interactivemediainstitute.com\/cypsy25\/wp-json\/wp\/v2\/pages"}],"about":[{"href":"https:\/\/www.interactivemediainstitute.com\/cypsy25\/wp-json\/wp\/v2\/types\/page"}],"author":[{"embeddable":true,"href":"https:\/\/www.interactivemediainstitute.com\/cypsy25\/wp-json\/wp\/v2\/users\/5"}],"replies":[{"embeddable":true,"href":"https:\/\/www.interactivemediainstitute.com\/cypsy25\/wp-json\/wp\/v2\/comments?post=38"}],"version-history":[{"count":197,"href":"https:\/\/www.interactivemediainstitute.com\/cypsy25\/wp-json\/wp\/v2\/pages\/38\/revisions"}],"predecessor-version":[{"id":2264,"href":"https:\/\/www.interactivemediainstitute.com\/cypsy25\/wp-json\/wp\/v2\/pages\/38\/revisions\/2264"}],"wp:attachment":[{"href":"https:\/\/www.interactivemediainstitute.com\/cypsy25\/wp-json\/wp\/v2\/media?parent=38"}],"curies":[{"name":"wp","href":"https:\/\/api.w.org\/{rel}","templated":true}]}}